{"id":1087,"date":"2025-12-02T14:13:13","date_gmt":"2025-12-02T19:13:13","guid":{"rendered":"https:\/\/tejadaabogados.com\/?page_id=1087"},"modified":"2026-01-14T08:20:33","modified_gmt":"2026-01-14T13:20:33","slug":"equipo","status":"publish","type":"page","link":"https:\/\/tejadaabogados.com\/en\/equipo\/","title":{"rendered":"Our Team"},"content":{"rendered":"<div data-elementor-type=\"wp-page\" data-elementor-id=\"1087\" class=\"elementor elementor-1087\" data-elementor-post-type=\"page\">\n\t\t\t\t<div class=\"elementor-element elementor-element-d478429 e-flex e-con-boxed e-con e-parent\" data-id=\"d478429\" data-element_type=\"container\">\n\t\t\t\t\t<div class=\"e-con-inner\">\n\t\t<a class=\"elementor-element elementor-element-4c5e975 e-con-full miembro-equipo e-flex e-con e-child\" data-id=\"4c5e975\" data-element_type=\"container\" href=\"\/en\/equipo\/juan-antonio-tejada-e\/\">\n\t\t\t\t<div class=\"elementor-element elementor-element-eb93e63 icono-equipo elementor-view-default elementor-widget elementor-widget-icon\" data-id=\"eb93e63\" data-element_type=\"widget\" data-widget_type=\"icon.default\">\n\t\t\t\t<div class=\"elementor-widget-container\">\n\t\t\t\t\t\t\t<div class=\"elementor-icon-wrapper\">\n\t\t\t<div class=\"elementor-icon\">\n\t\t\t<svg xmlns=\"http:\/\/www.w3.org\/2000\/svg\" height=\"512\" viewbox=\"0 0 32 32\" width=\"512\"><g id=\"Layer_15\" data-name=\"Layer 15\"><path d=\"m16 2a14 14 0 1 0 14 14 14 14 0 0 0 -14-14zm0 26a12 12 0 1 1 12-12 12 12 0 0 1 -12 12z\"><\/path><path d=\"m16.71 8.29a1 1 0 0 0 -1.42 1.42l5.3 5.29h-11.59a1 1 0 0 0 0 2h11.59l-5.3 5.29a1 1 0 0 0 0 1.42 1 1 0 0 0 1.42 0l7-7a1 1 0 0 0 0-1.42z\"><\/path><\/g><\/svg>\t\t\t<\/div>\n\t\t<\/div>\n\t\t\t\t\t\t<\/div>\n\t\t\t\t<\/div>\n\t\t<div class=\"elementor-element elementor-element-a6e93a0 e-con-full texto-equipo e-flex e-con e-child\" data-id=\"a6e93a0\" data-element_type=\"container\" data-settings=\"{&quot;background_background&quot;:&quot;gradient&quot;}\">\n\t\t\t\t<div class=\"elementor-element elementor-element-206f6ad titulo-miembro-equipo elementor-widget elementor-widget-heading\" data-id=\"206f6ad\" data-element_type=\"widget\" data-widget_type=\"heading.default\">\n\t\t\t\t<div class=\"elementor-widget-container\">\n\t\t\t\t\t<h5 class=\"elementor-heading-title elementor-size-default\">Juan Antonio Tejada E.<\/h5>\t\t\t\t<\/div>\n\t\t\t\t<\/div>\n\t\t\t\t<div class=\"elementor-element elementor-element-e80392d cargo-miembro-equipo elementor-widget elementor-widget-heading\" data-id=\"e80392d\" data-element_type=\"widget\" data-widget_type=\"heading.default\">\n\t\t\t\t<div class=\"elementor-widget-container\">\n\t\t\t\t\t<h6 class=\"elementor-heading-title elementor-size-default\">Managing Partner<\/h6>\t\t\t\t<\/div>\n\t\t\t\t<\/div>\n\t\t\t\t<\/div>\n\t\t\t\t<\/a>\n\t\t<a class=\"elementor-element elementor-element-07c9442 e-con-full miembro-equipo e-flex e-con e-child\" data-id=\"07c9442\" data-element_type=\"container\" href=\"\/en\/equipo\/jorge-fabian-gutierrez-p\/\">\n\t\t\t\t<div class=\"elementor-element elementor-element-b946d0f icono-equipo elementor-view-default elementor-widget elementor-widget-icon\" data-id=\"b946d0f\" data-element_type=\"widget\" data-widget_type=\"icon.default\">\n\t\t\t\t<div class=\"elementor-widget-container\">\n\t\t\t\t\t\t\t<div class=\"elementor-icon-wrapper\">\n\t\t\t<div class=\"elementor-icon\">\n\t\t\t<svg xmlns=\"http:\/\/www.w3.org\/2000\/svg\" height=\"512\" viewbox=\"0 0 32 32\" width=\"512\"><g id=\"Layer_15\" data-name=\"Layer 15\"><path d=\"m16 2a14 14 0 1 0 14 14 14 14 0 0 0 -14-14zm0 26a12 12 0 1 1 12-12 12 12 0 0 1 -12 12z\"><\/path><path d=\"m16.71 8.29a1 1 0 0 0 -1.42 1.42l5.3 5.29h-11.59a1 1 0 0 0 0 2h11.59l-5.3 5.29a1 1 0 0 0 0 1.42 1 1 0 0 0 1.42 0l7-7a1 1 0 0 0 0-1.42z\"><\/path><\/g><\/svg>\t\t\t<\/div>\n\t\t<\/div>\n\t\t\t\t\t\t<\/div>\n\t\t\t\t<\/div>\n\t\t<div class=\"elementor-element elementor-element-dd0530c e-con-full texto-equipo e-flex e-con e-child\" data-id=\"dd0530c\" data-element_type=\"container\" data-settings=\"{&quot;background_background&quot;:&quot;gradient&quot;}\">\n\t\t\t\t<div class=\"elementor-element elementor-element-571a166 titulo-miembro-equipo elementor-widget elementor-widget-heading\" data-id=\"571a166\" data-element_type=\"widget\" data-widget_type=\"heading.default\">\n\t\t\t\t<div class=\"elementor-widget-container\">\n\t\t\t\t\t<h5 class=\"elementor-heading-title elementor-size-default\">Jorge Fabi\u00e1n Guti\u00e9rrez P.<\/h5>\t\t\t\t<\/div>\n\t\t\t\t<\/div>\n\t\t\t\t<div class=\"elementor-element elementor-element-d057f0b cargo-miembro-equipo elementor-widget elementor-widget-heading\" data-id=\"d057f0b\" data-element_type=\"widget\" data-widget_type=\"heading.default\">\n\t\t\t\t<div class=\"elementor-widget-container\">\n\t\t\t\t\t<h6 class=\"elementor-heading-title elementor-size-default\">Partner<\/h6>\t\t\t\t<\/div>\n\t\t\t\t<\/div>\n\t\t\t\t<\/div>\n\t\t\t\t<\/a>\n\t\t<a class=\"elementor-element elementor-element-8596251 e-con-full miembro-equipo e-flex e-con e-child\" data-id=\"8596251\" data-element_type=\"container\" href=\"\/en\/equipo\/guido-alejandro-rodriguez-lugari\/\">\n\t\t\t\t<div class=\"elementor-element elementor-element-4b97313 icono-equipo elementor-view-default elementor-widget elementor-widget-icon\" data-id=\"4b97313\" data-element_type=\"widget\" data-widget_type=\"icon.default\">\n\t\t\t\t<div class=\"elementor-widget-container\">\n\t\t\t\t\t\t\t<div class=\"elementor-icon-wrapper\">\n\t\t\t<div class=\"elementor-icon\">\n\t\t\t<svg xmlns=\"http:\/\/www.w3.org\/2000\/svg\" height=\"512\" viewbox=\"0 0 32 32\" width=\"512\"><g id=\"Layer_15\" data-name=\"Layer 15\"><path d=\"m16 2a14 14 0 1 0 14 14 14 14 0 0 0 -14-14zm0 26a12 12 0 1 1 12-12 12 12 0 0 1 -12 12z\"><\/path><path d=\"m16.71 8.29a1 1 0 0 0 -1.42 1.42l5.3 5.29h-11.59a1 1 0 0 0 0 2h11.59l-5.3 5.29a1 1 0 0 0 0 1.42 1 1 0 0 0 1.42 0l7-7a1 1 0 0 0 0-1.42z\"><\/path><\/g><\/svg>\t\t\t<\/div>\n\t\t<\/div>\n\t\t\t\t\t\t<\/div>\n\t\t\t\t<\/div>\n\t\t<div class=\"elementor-element elementor-element-161139b e-con-full texto-equipo e-flex e-con e-child\" data-id=\"161139b\" data-element_type=\"container\" data-settings=\"{&quot;background_background&quot;:&quot;gradient&quot;}\">\n\t\t\t\t<div class=\"elementor-element elementor-element-098a3aa titulo-miembro-equipo elementor-widget elementor-widget-heading\" data-id=\"098a3aa\" data-element_type=\"widget\" data-widget_type=\"heading.default\">\n\t\t\t\t<div class=\"elementor-widget-container\">\n\t\t\t\t\t<h5 class=\"elementor-heading-title elementor-size-default\">Guido Alejandro Rodr\u00edguez Lugari<\/h5>\t\t\t\t<\/div>\n\t\t\t\t<\/div>\n\t\t\t\t<div class=\"elementor-element elementor-element-102ba81 cargo-miembro-equipo elementor-widget elementor-widget-heading\" data-id=\"102ba81\" data-element_type=\"widget\" data-widget_type=\"heading.default\">\n\t\t\t\t<div class=\"elementor-widget-container\">\n\t\t\t\t\t<h6 class=\"elementor-heading-title elementor-size-default\">Partner<\/h6>\t\t\t\t<\/div>\n\t\t\t\t<\/div>\n\t\t\t\t<\/div>\n\t\t\t\t<\/a>\n\t\t<a class=\"elementor-element elementor-element-0d2d9da e-con-full miembro-equipo e-flex e-con e-child\" data-id=\"0d2d9da\" data-element_type=\"container\" href=\"\/en\/equipo\/sabrina-tejada-g\/\">\n\t\t\t\t<div class=\"elementor-element elementor-element-62b6cb4 icono-equipo elementor-view-default elementor-widget elementor-widget-icon\" data-id=\"62b6cb4\" data-element_type=\"widget\" data-widget_type=\"icon.default\">\n\t\t\t\t<div class=\"elementor-widget-container\">\n\t\t\t\t\t\t\t<div class=\"elementor-icon-wrapper\">\n\t\t\t<div class=\"elementor-icon\">\n\t\t\t<svg xmlns=\"http:\/\/www.w3.org\/2000\/svg\" height=\"512\" viewbox=\"0 0 32 32\" width=\"512\"><g id=\"Layer_15\" data-name=\"Layer 15\"><path d=\"m16 2a14 14 0 1 0 14 14 14 14 0 0 0 -14-14zm0 26a12 12 0 1 1 12-12 12 12 0 0 1 -12 12z\"><\/path><path d=\"m16.71 8.29a1 1 0 0 0 -1.42 1.42l5.3 5.29h-11.59a1 1 0 0 0 0 2h11.59l-5.3 5.29a1 1 0 0 0 0 1.42 1 1 0 0 0 1.42 0l7-7a1 1 0 0 0 0-1.42z\"><\/path><\/g><\/svg>\t\t\t<\/div>\n\t\t<\/div>\n\t\t\t\t\t\t<\/div>\n\t\t\t\t<\/div>\n\t\t<div class=\"elementor-element elementor-element-b7e059b e-con-full texto-equipo e-flex e-con e-child\" data-id=\"b7e059b\" data-element_type=\"container\" data-settings=\"{&quot;background_background&quot;:&quot;gradient&quot;}\">\n\t\t\t\t<div class=\"elementor-element elementor-element-f3f3aa4 titulo-miembro-equipo elementor-widget elementor-widget-heading\" data-id=\"f3f3aa4\" data-element_type=\"widget\" data-widget_type=\"heading.default\">\n\t\t\t\t<div class=\"elementor-widget-container\">\n\t\t\t\t\t<h5 class=\"elementor-heading-title elementor-size-default\">Sabrina Tejada G.<\/h5>\t\t\t\t<\/div>\n\t\t\t\t<\/div>\n\t\t\t\t<div class=\"elementor-element elementor-element-4a82bc1 cargo-miembro-equipo elementor-widget elementor-widget-heading\" data-id=\"4a82bc1\" data-element_type=\"widget\" data-widget_type=\"heading.default\">\n\t\t\t\t<div class=\"elementor-widget-container\">\n\t\t\t\t\t<h6 class=\"elementor-heading-title elementor-size-default\">Partner<\/h6>\t\t\t\t<\/div>\n\t\t\t\t<\/div>\n\t\t\t\t<\/div>\n\t\t\t\t<\/a>\n\t\t<a class=\"elementor-element elementor-element-74522d0 e-con-full miembro-equipo e-flex e-con e-child\" data-id=\"74522d0\" data-element_type=\"container\" href=\"\/en\/equipo\/eduardo-ulloa\/\">\n\t\t\t\t<div class=\"elementor-element elementor-element-dc710e2 icono-equipo elementor-view-default elementor-widget elementor-widget-icon\" data-id=\"dc710e2\" data-element_type=\"widget\" data-widget_type=\"icon.default\">\n\t\t\t\t<div class=\"elementor-widget-container\">\n\t\t\t\t\t\t\t<div class=\"elementor-icon-wrapper\">\n\t\t\t<div class=\"elementor-icon\">\n\t\t\t<svg xmlns=\"http:\/\/www.w3.org\/2000\/svg\" height=\"512\" viewbox=\"0 0 32 32\" width=\"512\"><g id=\"Layer_15\" data-name=\"Layer 15\"><path d=\"m16 2a14 14 0 1 0 14 14 14 14 0 0 0 -14-14zm0 26a12 12 0 1 1 12-12 12 12 0 0 1 -12 12z\"><\/path><path d=\"m16.71 8.29a1 1 0 0 0 -1.42 1.42l5.3 5.29h-11.59a1 1 0 0 0 0 2h11.59l-5.3 5.29a1 1 0 0 0 0 1.42 1 1 0 0 0 1.42 0l7-7a1 1 0 0 0 0-1.42z\"><\/path><\/g><\/svg>\t\t\t<\/div>\n\t\t<\/div>\n\t\t\t\t\t\t<\/div>\n\t\t\t\t<\/div>\n\t\t<div class=\"elementor-element elementor-element-1508397 e-con-full texto-equipo e-flex e-con e-child\" data-id=\"1508397\" data-element_type=\"container\" data-settings=\"{&quot;background_background&quot;:&quot;gradient&quot;}\">\n\t\t\t\t<div class=\"elementor-element elementor-element-654dbb5 titulo-miembro-equipo elementor-widget elementor-widget-heading\" data-id=\"654dbb5\" data-element_type=\"widget\" data-widget_type=\"heading.default\">\n\t\t\t\t<div class=\"elementor-widget-container\">\n\t\t\t\t\t<h5 class=\"elementor-heading-title elementor-size-default\">Eduardo Ulloa<\/h5>\t\t\t\t<\/div>\n\t\t\t\t<\/div>\n\t\t\t\t<div class=\"elementor-element elementor-element-9bfb6dd cargo-miembro-equipo elementor-widget elementor-widget-heading\" data-id=\"9bfb6dd\" data-element_type=\"widget\" data-widget_type=\"heading.default\">\n\t\t\t\t<div class=\"elementor-widget-container\">\n\t\t\t\t\t<h6 class=\"elementor-heading-title elementor-size-default\">Partner<\/h6>\t\t\t\t<\/div>\n\t\t\t\t<\/div>\n\t\t\t\t<\/div>\n\t\t\t\t<\/a>\n\t\t<a class=\"elementor-element elementor-element-432217d e-con-full miembro-equipo e-flex e-con e-child\" data-id=\"432217d\" data-element_type=\"container\" href=\"\/en\/equipo\/juan-antonio-tejada-londono\/\">\n\t\t\t\t<div class=\"elementor-element elementor-element-921151c icono-equipo elementor-view-default elementor-widget elementor-widget-icon\" data-id=\"921151c\" data-element_type=\"widget\" data-widget_type=\"icon.default\">\n\t\t\t\t<div class=\"elementor-widget-container\">\n\t\t\t\t\t\t\t<div class=\"elementor-icon-wrapper\">\n\t\t\t<div class=\"elementor-icon\">\n\t\t\t<svg xmlns=\"http:\/\/www.w3.org\/2000\/svg\" height=\"512\" viewbox=\"0 0 32 32\" width=\"512\"><g id=\"Layer_15\" data-name=\"Layer 15\"><path d=\"m16 2a14 14 0 1 0 14 14 14 14 0 0 0 -14-14zm0 26a12 12 0 1 1 12-12 12 12 0 0 1 -12 12z\"><\/path><path d=\"m16.71 8.29a1 1 0 0 0 -1.42 1.42l5.3 5.29h-11.59a1 1 0 0 0 0 2h11.59l-5.3 5.29a1 1 0 0 0 0 1.42 1 1 0 0 0 1.42 0l7-7a1 1 0 0 0 0-1.42z\"><\/path><\/g><\/svg>\t\t\t<\/div>\n\t\t<\/div>\n\t\t\t\t\t\t<\/div>\n\t\t\t\t<\/div>\n\t\t<div class=\"elementor-element elementor-element-76533f4 e-con-full texto-equipo e-flex e-con e-child\" data-id=\"76533f4\" data-element_type=\"container\" data-settings=\"{&quot;background_background&quot;:&quot;gradient&quot;}\">\n\t\t\t\t<div class=\"elementor-element elementor-element-b8897eb titulo-miembro-equipo elementor-widget elementor-widget-heading\" data-id=\"b8897eb\" data-element_type=\"widget\" data-widget_type=\"heading.default\">\n\t\t\t\t<div class=\"elementor-widget-container\">\n\t\t\t\t\t<h5 class=\"elementor-heading-title elementor-size-default\">Juan Antonio Tejada Londo\u00f1o<\/h5>\t\t\t\t<\/div>\n\t\t\t\t<\/div>\n\t\t\t\t<div class=\"elementor-element elementor-element-0127d79 cargo-miembro-equipo elementor-widget elementor-widget-heading\" data-id=\"0127d79\" data-element_type=\"widget\" data-widget_type=\"heading.default\">\n\t\t\t\t<div class=\"elementor-widget-container\">\n\t\t\t\t\t<h6 class=\"elementor-heading-title elementor-size-default\">Associate<\/h6>\t\t\t\t<\/div>\n\t\t\t\t<\/div>\n\t\t\t\t<\/div>\n\t\t\t\t<\/a>\n\t\t\t\t\t<\/div>\n\t\t\t\t<\/div>\n\t\t\t\t<\/div>","protected":false},"excerpt":{"rendered":"<p>&nbsp; Juan Antonio Tejada E. Socio Director &nbsp; Jorge Fabi\u00e1n Guti\u00e9rrez P. Socio &nbsp; Guido Alejandro Rodr\u00edguez Lugari Socio &nbsp; Sabrina Tejada G. Socia &nbsp; Eduardo Ulloa Socio &nbsp; Juan Antonio Tejada Londo\u00f1o Asociado<\/p>","protected":false},"author":3,"featured_media":0,"parent":0,"menu_order":0,"comment_status":"closed","ping_status":"closed","template":"","meta":{"footnotes":""},"class_list":["post-1087","page","type-page","status-publish","hentry"],"yoast_head":"<!-- This site is optimized with the Yoast SEO plugin v26.7 - https:\/\/yoast.com\/wordpress\/plugins\/seo\/ -->\n<title>Equipo - Tejada Abogados<\/title>\n<meta name=\"description\" content=\"Nuestro equipo ha asesorado, negociado y representado judicialmente con \u00e9xito en \u00e1reas de gran complejidad\" \/>\n<meta name=\"robots\" content=\"index, follow, max-snippet:-1, max-image-preview:large, max-video-preview:-1\" \/>\n<link rel=\"canonical\" href=\"https:\/\/tejadaabogados.com\/en\/equipo\/\" \/>\n<meta property=\"og:locale\" content=\"en_US\" \/>\n<meta property=\"og:type\" content=\"article\" \/>\n<meta property=\"og:title\" content=\"Equipo - Tejada Abogados\" \/>\n<meta property=\"og:description\" content=\"Nuestro equipo ha asesorado, negociado y representado judicialmente con \u00e9xito en \u00e1reas de gran complejidad\" \/>\n<meta property=\"og:url\" content=\"https:\/\/tejadaabogados.com\/en\/equipo\/\" \/>\n<meta property=\"og:site_name\" content=\"Tejada Abogados\" \/>\n<meta property=\"article:publisher\" content=\"https:\/\/www.facebook.com\/tejadaabogados\/?_rdc=1&amp;_rdr#\" \/>\n<meta property=\"article:modified_time\" content=\"2026-01-14T13:20:33+00:00\" \/>\n<meta name=\"twitter:card\" content=\"summary_large_image\" \/>\n<meta name=\"twitter:site\" content=\"@TEJADAABOGADOS\" \/>\n<meta name=\"twitter:label1\" content=\"Est. reading time\" \/>\n\t<meta name=\"twitter:data1\" content=\"1 minute\" \/>\n<script type=\"application\/ld+json\" class=\"yoast-schema-graph\">{\"@context\":\"https:\/\/schema.org\",\"@graph\":[{\"@type\":\"WebPage\",\"@id\":\"https:\/\/tejadaabogados.com\/equipo\/\",\"url\":\"https:\/\/tejadaabogados.com\/equipo\/\",\"name\":\"Equipo - Tejada Abogados\",\"isPartOf\":{\"@id\":\"https:\/\/tejadaabogados.com\/#website\"},\"datePublished\":\"2025-12-02T19:13:13+00:00\",\"dateModified\":\"2026-01-14T13:20:33+00:00\",\"description\":\"Nuestro equipo ha asesorado, negociado y representado judicialmente con \u00e9xito en \u00e1reas de gran complejidad\",\"breadcrumb\":{\"@id\":\"https:\/\/tejadaabogados.com\/equipo\/#breadcrumb\"},\"inLanguage\":\"en-US\",\"potentialAction\":[{\"@type\":\"ReadAction\",\"target\":[\"https:\/\/tejadaabogados.com\/equipo\/\"]}]},{\"@type\":\"BreadcrumbList\",\"@id\":\"https:\/\/tejadaabogados.com\/equipo\/#breadcrumb\",\"itemListElement\":[{\"@type\":\"ListItem\",\"position\":1,\"name\":\"Portada\",\"item\":\"https:\/\/tejadaabogados.com\/\"},{\"@type\":\"ListItem\",\"position\":2,\"name\":\"Equipo\"}]},{\"@type\":\"WebSite\",\"@id\":\"https:\/\/tejadaabogados.com\/#website\",\"url\":\"https:\/\/tejadaabogados.com\/\",\"name\":\"Tejada Abogados\",\"description\":\"Servicios Legales en Panam\u00e1\",\"publisher\":{\"@id\":\"https:\/\/tejadaabogados.com\/#organization\"},\"potentialAction\":[{\"@type\":\"SearchAction\",\"target\":{\"@type\":\"EntryPoint\",\"urlTemplate\":\"https:\/\/tejadaabogados.com\/?s={search_term_string}\"},\"query-input\":{\"@type\":\"PropertyValueSpecification\",\"valueRequired\":true,\"valueName\":\"search_term_string\"}}],\"inLanguage\":\"en-US\"},{\"@type\":\"Organization\",\"@id\":\"https:\/\/tejadaabogados.com\/#organization\",\"name\":\"Tejada Abogados\",\"url\":\"https:\/\/tejadaabogados.com\/\",\"logo\":{\"@type\":\"ImageObject\",\"inLanguage\":\"en-US\",\"@id\":\"https:\/\/tejadaabogados.com\/#\/schema\/logo\/image\/\",\"url\":\"https:\/\/tejadaabogados.com\/wp-content\/uploads\/2025\/12\/02-tejada-abogados-panama.webp\",\"contentUrl\":\"https:\/\/tejadaabogados.com\/wp-content\/uploads\/2025\/12\/02-tejada-abogados-panama.webp\",\"width\":512,\"height\":512,\"caption\":\"Tejada Abogados\"},\"image\":{\"@id\":\"https:\/\/tejadaabogados.com\/#\/schema\/logo\/image\/\"},\"sameAs\":[\"https:\/\/www.facebook.com\/tejadaabogados\/?_rdc=1&_rdr#\",\"https:\/\/x.com\/TEJADAABOGADOS\"]}]}<\/script>\n<!-- \/ Yoast SEO plugin. -->","yoast_head_json":{"title":"Equipo - Tejada Abogados","description":"Our team has successfully advised, negotiated, and represented clients in court in highly complex areas","robots":{"index":"index","follow":"follow","max-snippet":"max-snippet:-1","max-image-preview":"max-image-preview:large","max-video-preview":"max-video-preview:-1"},"canonical":"https:\/\/tejadaabogados.com\/en\/equipo\/","og_locale":"en_US","og_type":"article","og_title":"Equipo - Tejada Abogados","og_description":"Nuestro equipo ha asesorado, negociado y representado judicialmente con \u00e9xito en \u00e1reas de gran complejidad","og_url":"https:\/\/tejadaabogados.com\/en\/equipo\/","og_site_name":"Tejada Abogados","article_publisher":"https:\/\/www.facebook.com\/tejadaabogados\/?_rdc=1&_rdr#","article_modified_time":"2026-01-14T13:20:33+00:00","twitter_card":"summary_large_image","twitter_site":"@TEJADAABOGADOS","twitter_misc":{"Est. reading time":"1 minute"},"schema":{"@context":"https:\/\/schema.org","@graph":[{"@type":"WebPage","@id":"https:\/\/tejadaabogados.com\/equipo\/","url":"https:\/\/tejadaabogados.com\/equipo\/","name":"Equipo - Tejada Abogados","isPartOf":{"@id":"https:\/\/tejadaabogados.com\/#website"},"datePublished":"2025-12-02T19:13:13+00:00","dateModified":"2026-01-14T13:20:33+00:00","description":"Our team has successfully advised, negotiated, and represented clients in court in highly complex areas","breadcrumb":{"@id":"https:\/\/tejadaabogados.com\/equipo\/#breadcrumb"},"inLanguage":"en-US","potentialAction":[{"@type":"ReadAction","target":["https:\/\/tejadaabogados.com\/equipo\/"]}]},{"@type":"BreadcrumbList","@id":"https:\/\/tejadaabogados.com\/equipo\/#breadcrumb","itemListElement":[{"@type":"ListItem","position":1,"name":"Portada","item":"https:\/\/tejadaabogados.com\/"},{"@type":"ListItem","position":2,"name":"Equipo"}]},{"@type":"WebSite","@id":"https:\/\/tejadaabogados.com\/#website","url":"https:\/\/tejadaabogados.com\/","name":"Tejada Abogados","description":"Legal Services in Panama","publisher":{"@id":"https:\/\/tejadaabogados.com\/#organization"},"potentialAction":[{"@type":"SearchAction","target":{"@type":"EntryPoint","urlTemplate":"https:\/\/tejadaabogados.com\/?s={search_term_string}"},"query-input":{"@type":"PropertyValueSpecification","valueRequired":true,"valueName":"search_term_string"}}],"inLanguage":"en-US"},{"@type":"Organization","@id":"https:\/\/tejadaabogados.com\/#organization","name":"Tejada Abogados","url":"https:\/\/tejadaabogados.com\/","logo":{"@type":"ImageObject","inLanguage":"en-US","@id":"https:\/\/tejadaabogados.com\/#\/schema\/logo\/image\/","url":"https:\/\/tejadaabogados.com\/wp-content\/uploads\/2025\/12\/02-tejada-abogados-panama.webp","contentUrl":"https:\/\/tejadaabogados.com\/wp-content\/uploads\/2025\/12\/02-tejada-abogados-panama.webp","width":512,"height":512,"caption":"Tejada Abogados"},"image":{"@id":"https:\/\/tejadaabogados.com\/#\/schema\/logo\/image\/"},"sameAs":["https:\/\/www.facebook.com\/tejadaabogados\/?_rdc=1&_rdr#","https:\/\/x.com\/TEJADAABOGADOS"]}]}},"_links":{"self":[{"href":"https:\/\/tejadaabogados.com\/en\/wp-json\/wp\/v2\/pages\/1087","targetHints":{"allow":["GET"]}}],"collection":[{"href":"https:\/\/tejadaabogados.com\/en\/wp-json\/wp\/v2\/pages"}],"about":[{"href":"https:\/\/tejadaabogados.com\/en\/wp-json\/wp\/v2\/types\/page"}],"author":[{"embeddable":true,"href":"https:\/\/tejadaabogados.com\/en\/wp-json\/wp\/v2\/users\/3"}],"replies":[{"embeddable":true,"href":"https:\/\/tejadaabogados.com\/en\/wp-json\/wp\/v2\/comments?post=1087"}],"version-history":[{"count":25,"href":"https:\/\/tejadaabogados.com\/en\/wp-json\/wp\/v2\/pages\/1087\/revisions"}],"predecessor-version":[{"id":2094,"href":"https:\/\/tejadaabogados.com\/en\/wp-json\/wp\/v2\/pages\/1087\/revisions\/2094"}],"wp:attachment":[{"href":"https:\/\/tejadaabogados.com\/en\/wp-json\/wp\/v2\/media?parent=1087"}],"curies":[{"name":"wp","href":"https:\/\/api.w.org\/{rel}","templated":true}]}}